{"id":4487,"date":"2019-07-31T16:22:13","date_gmt":"2019-07-31T16:22:13","guid":{"rendered":"https:\/\/www.parknfly.ca\/about-parknfly\/"},"modified":"2024-10-22T17:19:30","modified_gmt":"2024-10-22T17:19:30","slug":"a-propos-de-parknfly","status":"publish","type":"page","link":"https:\/\/pro2.parknfly.ca\/fr\/a-propos-de-parknfly\/","title":{"rendered":"\u00c0 propos de Park\u2019N Fly"},"content":{"rendered":"\t\t<div data-elementor-type=\"wp-post\" data-elementor-id=\"4487\" class=\"elementor elementor-4487 elementor-236\" data-elementor-post-type=\"page\">\n\t\t\t\t\t\t<section class=\"elementor-section elementor-top-section elementor-element elementor-element-d44567a elementor-section-height-min-height elementor-section-items-top elementor-section-stretched elementor-section-boxed elementor-section-height-default\" data-id=\"d44567a\" data-element_type=\"section\" data-settings=\"{&quot;background_background&quot;:&quot;classic&quot;,&quot;stretch_section&quot;:&quot;section-stretched&quot;}\">\n\t\t\t\t\t\t\t<div class=\"elementor-background-overlay\"><\/div>\n\t\t\t\t\t\t\t<div class=\"elementor-container elementor-column-gap-default\">\n\t\t\t\t\t<div class=\"elementor-column elementor-col-100 elementor-top-column elementor-element elementor-element-ffeaf12\" data-id=\"ffeaf12\" data-element_type=\"column\">\n\t\t\t<div class=\"elementor-widget-wrap elementor-element-populated\">\n\t\t\t\t\t\t<section class=\"elementor-section elementor-inner-section elementor-element elementor-element-dc319be elementor-section-full_width elementor-section-content-top elementor-section-height-default elementor-section-height-default\" data-id=\"dc319be\" data-element_type=\"section\">\n\t\t\t\t\t\t<div class=\"elementor-container elementor-column-gap-default\">\n\t\t\t\t\t<div class=\"elementor-column elementor-col-50 elementor-inner-column elementor-element elementor-element-b45a012\" data-id=\"b45a012\" data-element_type=\"column\">\n\t\t\t<div class=\"elementor-widget-wrap elementor-element-populated\">\n\t\t\t\t\t\t<div class=\"elementor-element elementor-element-53b63a7 elementor-widget elementor-widget-heading\" data-id=\"53b63a7\" data-element_type=\"widget\" data-widget_type=\"heading.default\">\n\t\t\t\t<div class=\"elementor-widget-container\">\n\t\t\t<h1 class=\"elementor-heading-title elementor-size-default\">\u00c0 propos de Park\u2019N Fly<\/h1>\t\t<\/div>\n\t\t\t\t<\/div>\n\t\t\t\t<div class=\"elementor-element elementor-element-1b334ff elementor-widget elementor-widget-text-editor\" data-id=\"1b334ff\" data-element_type=\"widget\" data-widget_type=\"text-editor.default\">\n\t\t\t\t<div class=\"elementor-widget-container\">\n\t\t\t\t\t\t\t<p>Park\u2019N Fly est le plus important fournisseur de stationnement d\u2019a\u00e9roport au Canada, au service des voyageurs combl\u00e9s depuis plus de 50 ans.<\/p>\t\t\t\t\t\t<\/div>\n\t\t\t\t<\/div>\n\t\t\t\t\t<\/div>\n\t\t<\/div>\n\t\t\t\t<div class=\"elementor-column elementor-col-50 elementor-inner-column elementor-element elementor-element-e849194\" data-id=\"e849194\" data-element_type=\"column\">\n\t\t\t<div class=\"elementor-widget-wrap\">\n\t\t\t\t\t\t\t<\/div>\n\t\t<\/div>\n\t\t\t\t\t<\/div>\n\t\t<\/section>\n\t\t\t\t\t<\/div>\n\t\t<\/div>\n\t\t\t\t\t<\/div>\n\t\t<\/section>\n\t\t\t\t<section class=\"elementor-section elementor-top-section elementor-element elementor-element-892b8b3 page-sub-nav elementor-section-boxed elementor-section-height-default elementor-section-height-default\" data-id=\"892b8b3\" data-element_type=\"section\" data-settings=\"{&quot;background_background&quot;:&quot;classic&quot;}\">\n\t\t\t\t\t\t<div class=\"elementor-container elementor-column-gap-default\">\n\t\t\t\t\t<div class=\"elementor-column elementor-col-100 elementor-top-column elementor-element elementor-element-2c76f2d\" data-id=\"2c76f2d\" data-element_type=\"column\">\n\t\t\t<div class=\"elementor-widget-wrap elementor-element-populated\">\n\t\t\t\t\t\t<div class=\"elementor-element elementor-element-9e02067 elementor-nav-menu__align-start no-underline elementor-nav-menu--dropdown-tablet elementor-nav-menu__text-align-aside elementor-widget elementor-widget-nav-menu\" data-id=\"9e02067\" data-element_type=\"widget\" data-settings=\"{&quot;layout&quot;:&quot;horizontal&quot;,&quot;submenu_icon&quot;:{&quot;value&quot;:&quot;&lt;i class=\\&quot;fas fa-caret-down\\&quot;&gt;&lt;\\\/i&gt;&quot;,&quot;library&quot;:&quot;fa-solid&quot;}}\" data-widget_type=\"nav-menu.default\">\n\t\t\t\t<div class=\"elementor-widget-container\">\n\t\t\t\t\t\t<nav aria-label=\"Menu\" class=\"elementor-nav-menu--main elementor-nav-menu__container elementor-nav-menu--layout-horizontal e--pointer-underline e--animation-fade\">\n\t\t\t\t<ul id=\"menu-1-9e02067\" class=\"elementor-nav-menu\"><li class=\"menu-item menu-item-type-post_type menu-item-object-page menu-item-4547\"><a href=\"https:\/\/pro2.parknfly.ca\/fr\/a-propos-de-parknfly\/\" class=\"elementor-item\">\u00c0 propos de Park\u2019N Fly<\/a><\/li>\n<li class=\"menu-item menu-item-type-post_type menu-item-object-page menu-item-4553\"><a href=\"https:\/\/pro2.parknfly.ca\/fr\/a-propos-de-parknfly\/carrieres-chez-parknfly\/\" class=\"elementor-item\">Carri\u00e8res chez Park\u2019N Fly<\/a><\/li>\n<li class=\"menu-item menu-item-type-post_type menu-item-object-page menu-item-4552\"><a href=\"https:\/\/pro2.parknfly.ca\/fr\/a-propos-de-parknfly\/centre-pour-les-medias\/\" class=\"elementor-item\">Centre pour les m\u00e9dias<\/a><\/li>\n<\/ul>\t\t\t<\/nav>\n\t\t\t\t\t\t<nav class=\"elementor-nav-menu--dropdown elementor-nav-menu__container\" aria-hidden=\"true\">\n\t\t\t\t<ul id=\"menu-2-9e02067\" class=\"elementor-nav-menu\"><li class=\"menu-item menu-item-type-post_type menu-item-object-page menu-item-4547\"><a href=\"https:\/\/pro2.parknfly.ca\/fr\/a-propos-de-parknfly\/\" class=\"elementor-item\" tabindex=\"-1\">\u00c0 propos de Park\u2019N Fly<\/a><\/li>\n<li class=\"menu-item menu-item-type-post_type menu-item-object-page menu-item-4553\"><a href=\"https:\/\/pro2.parknfly.ca\/fr\/a-propos-de-parknfly\/carrieres-chez-parknfly\/\" class=\"elementor-item\" tabindex=\"-1\">Carri\u00e8res chez Park\u2019N Fly<\/a><\/li>\n<li class=\"menu-item menu-item-type-post_type menu-item-object-page menu-item-4552\"><a href=\"https:\/\/pro2.parknfly.ca\/fr\/a-propos-de-parknfly\/centre-pour-les-medias\/\" class=\"elementor-item\" tabindex=\"-1\">Centre pour les m\u00e9dias<\/a><\/li>\n<\/ul>\t\t\t<\/nav>\n\t\t\t\t<\/div>\n\t\t\t\t<\/div>\n\t\t\t\t\t<\/div>\n\t\t<\/div>\n\t\t\t\t\t<\/div>\n\t\t<\/section>\n\t\t\t\t<section class=\"elementor-section elementor-top-section elementor-element elementor-element-ea32383 elementor-section-boxed elementor-section-height-default elementor-section-height-default\" data-id=\"ea32383\" data-element_type=\"section\" data-settings=\"{&quot;background_background&quot;:&quot;classic&quot;}\">\n\t\t\t\t\t\t<div class=\"elementor-container elementor-column-gap-default\">\n\t\t\t\t\t<div class=\"elementor-column elementor-col-100 elementor-top-column elementor-element elementor-element-02f3504\" data-id=\"02f3504\" data-element_type=\"column\">\n\t\t\t<div class=\"elementor-widget-wrap elementor-element-populated\">\n\t\t\t\t\t\t<section class=\"elementor-section elementor-inner-section elementor-element elementor-element-33e11bb elementor-section-boxed elementor-section-height-default elementor-section-height-default\" data-id=\"33e11bb\" data-element_type=\"section\">\n\t\t\t\t\t\t<div class=\"elementor-container elementor-column-gap-default\">\n\t\t\t\t\t<div class=\"elementor-column elementor-col-50 elementor-inner-column elementor-element elementor-element-f59b9b8\" data-id=\"f59b9b8\" data-element_type=\"column\">\n\t\t\t<div class=\"elementor-widget-wrap elementor-element-populated\">\n\t\t\t\t\t\t<div class=\"elementor-element elementor-element-3486662 elementor-widget elementor-widget-heading\" data-id=\"3486662\" data-element_type=\"widget\" data-widget_type=\"heading.default\">\n\t\t\t\t<div class=\"elementor-widget-container\">\n\t\t\t<h2 class=\"elementor-heading-title elementor-size-default\">La difference Park\u2019N Fly<\/h2>\t\t<\/div>\n\t\t\t\t<\/div>\n\t\t\t\t<div class=\"elementor-element elementor-element-a4f0d0c elementor-widget elementor-widget-text-editor\" data-id=\"a4f0d0c\" data-element_type=\"widget\" data-widget_type=\"text-editor.default\">\n\t\t\t\t<div class=\"elementor-widget-container\">\n\t\t\t\t\t\t\t<p>Depuis 1974, l\u2019exp\u00e9rience Park\u2019N Fly est anim\u00e9e par notre promesse \u00ab Park Happy \u00bb. Nous nous engageons \u00e0 vous faire vivre une exp\u00e9rience rapide, facile et agr\u00e9able, du commencement \u00e0 la fin de votre voyage. Nous avons sept emplacements \u00e0 travers le Canada: Vancouver, Edmonton, Winnipeg, Toronto, Ottawa, Montr\u00e9al et Halifax.<\/p>\t\t\t\t\t\t<\/div>\n\t\t\t\t<\/div>\n\t\t\t\t\t<\/div>\n\t\t<\/div>\n\t\t\t\t<div class=\"elementor-column elementor-col-50 elementor-inner-column elementor-element elementor-element-9923848 elementor-hidden-tablet elementor-hidden-phone\" data-id=\"9923848\" data-element_type=\"column\">\n\t\t\t<div class=\"elementor-widget-wrap\">\n\t\t\t\t\t\t\t<\/div>\n\t\t<\/div>\n\t\t\t\t\t<\/div>\n\t\t<\/section>\n\t\t\t\t\t<\/div>\n\t\t<\/div>\n\t\t\t\t\t<\/div>\n\t\t<\/section>\n\t\t\t\t<section class=\"elementor-section elementor-top-section elementor-element elementor-element-629a9b7 elementor-section-boxed elementor-section-height-default elementor-section-height-default\" data-id=\"629a9b7\" data-element_type=\"section\" data-settings=\"{&quot;background_background&quot;:&quot;classic&quot;}\">\n\t\t\t\t\t\t<div class=\"elementor-container elementor-column-gap-default\">\n\t\t\t\t\t<div class=\"elementor-column elementor-col-100 elementor-top-column elementor-element elementor-element-438ff62\" data-id=\"438ff62\" data-element_type=\"column\">\n\t\t\t<div class=\"elementor-widget-wrap elementor-element-populated\">\n\t\t\t\t\t\t<section class=\"elementor-section elementor-inner-section elementor-element elementor-element-4f6d882 elementor-section-boxed elementor-section-height-default elementor-section-height-default\" data-id=\"4f6d882\" data-element_type=\"section\">\n\t\t\t\t\t\t<div class=\"elementor-container elementor-column-gap-default\">\n\t\t\t\t\t<div class=\"elementor-column elementor-col-50 elementor-inner-column elementor-element elementor-element-b59a12a\" data-id=\"b59a12a\" data-element_type=\"column\">\n\t\t\t<div class=\"elementor-widget-wrap elementor-element-populated\">\n\t\t\t\t\t\t<div class=\"elementor-element elementor-element-807922f elementor-widget elementor-widget-heading\" data-id=\"807922f\" data-element_type=\"widget\" data-widget_type=\"heading.default\">\n\t\t\t\t<div class=\"elementor-widget-container\">\n\t\t\t<h3 class=\"elementor-heading-title elementor-size-default\">Excellence du service<\/h3>\t\t<\/div>\n\t\t\t\t<\/div>\n\t\t\t\t<div class=\"elementor-element elementor-element-2cd389a elementor-widget elementor-widget-text-editor\" data-id=\"2cd389a\" data-element_type=\"widget\" data-widget_type=\"text-editor.default\">\n\t\t\t\t<div class=\"elementor-widget-container\">\n\t\t\t\t\t\t\t<p>Nous sommes fiers d\u2019offrir une exp\u00e9rience de stationnement in\u00e9gal\u00e9e dans nos emplacements de stationnement Valet et Libre-service, comprenant un service de navette gratuit 24 heures par jour et 7 jours par semaine, un large \u00e9ventail de services \u00e0 valeur ajout\u00e9e et de fonctionnalit\u00e9s telles que la recharge \u00e9lectrique, les lavages ext\u00e9rieurs, les soins d\u2019esth\u00e9tique de l\u2019int\u00e9rieur et les vidanges d\u2019huile aux emplacements s\u00e9lectionn\u00e9s.<\/p>\t\t\t\t\t\t<\/div>\n\t\t\t\t<\/div>\n\t\t\t\t\t<\/div>\n\t\t<\/div>\n\t\t\t\t<div class=\"elementor-column elementor-col-50 elementor-inner-column elementor-element elementor-element-6faa8be\" data-id=\"6faa8be\" data-element_type=\"column\">\n\t\t\t<div class=\"elementor-widget-wrap elementor-element-populated\">\n\t\t\t\t\t\t<div class=\"elementor-element elementor-element-337be72 elementor-widget elementor-widget-heading\" data-id=\"337be72\" data-element_type=\"widget\" data-widget_type=\"heading.default\">\n\t\t\t\t<div class=\"elementor-widget-container\">\n\t\t\t<h3 class=\"elementor-heading-title elementor-size-default\">Choix et \u00c9conomies<\/h3>\t\t<\/div>\n\t\t\t\t<\/div>\n\t\t\t\t<div class=\"elementor-element elementor-element-cac7b91 elementor-widget elementor-widget-text-editor\" data-id=\"cac7b91\" data-element_type=\"widget\" data-widget_type=\"text-editor.default\">\n\t\t\t\t<div class=\"elementor-widget-container\">\n\t\t\t\t\t\t\t<p>Notre objectif est de fournir aux voyageurs des options de stationnement \u00e9conomiques tout en leur permettant de profiter de l\u2019exp\u00e9rience \u00ab Stationnez sans souci \u00bb \u00e0 chacun de leur s\u00e9jour. Nous offrons plusieurs options permettant d\u2019\u00e9conomiser sur le stationnement, comprenant des tarifs corporatifs, des rabais de partenariat, des tarifs sp\u00e9ciaux en ligne et des points de R\u00e9compenses Park\u2019N Fly.<\/p>\t\t\t\t\t\t<\/div>\n\t\t\t\t<\/div>\n\t\t\t\t\t<\/div>\n\t\t<\/div>\n\t\t\t\t\t<\/div>\n\t\t<\/section>\n\t\t\t\t<section class=\"elementor-section elementor-inner-section elementor-element elementor-element-01d78f4 elementor-section-boxed elementor-section-height-default elementor-section-height-default\" data-id=\"01d78f4\" data-element_type=\"section\">\n\t\t\t\t\t\t<div class=\"elementor-container elementor-column-gap-default\">\n\t\t\t\t\t<div class=\"elementor-column elementor-col-50 elementor-inner-column elementor-element elementor-element-7f12a36\" data-id=\"7f12a36\" data-element_type=\"column\">\n\t\t\t<div class=\"elementor-widget-wrap elementor-element-populated\">\n\t\t\t\t\t\t<div class=\"elementor-element elementor-element-6139ba3 elementor-widget elementor-widget-heading\" data-id=\"6139ba3\" data-element_type=\"widget\" data-widget_type=\"heading.default\">\n\t\t\t\t<div class=\"elementor-widget-container\">\n\t\t\t<h3 class=\"elementor-heading-title elementor-size-default\">Innovation<\/h3>\t\t<\/div>\n\t\t\t\t<\/div>\n\t\t\t\t<div class=\"elementor-element elementor-element-a5338fb elementor-widget elementor-widget-text-editor\" data-id=\"a5338fb\" data-element_type=\"widget\" data-widget_type=\"text-editor.default\">\n\t\t\t\t<div class=\"elementor-widget-container\">\n\t\t\t\t\t\t\t<p>Park\u2019N Fly innove toujours pour mieux vous servir. Notre application mobile vous permet de r\u00e9server facilement votre exp\u00e9rience de stationnement et de g\u00e9rer vos r\u00e9compenses. \u00c0 nos emplacements de stationnement Valet, vous pouvez utiliser l\u2019application pour vous enregistrer et \u00e9viter les files d\u2019attente. Visitez votre boutique Android ou IOS pour t\u00e9l\u00e9charger l\u2019application Park\u2019N Fly Canada.<\/p>\t\t\t\t\t\t<\/div>\n\t\t\t\t<\/div>\n\t\t\t\t\t<\/div>\n\t\t<\/div>\n\t\t\t\t<div class=\"elementor-column elementor-col-50 elementor-inner-column elementor-element elementor-element-3a0465c\" data-id=\"3a0465c\" data-element_type=\"column\">\n\t\t\t<div class=\"elementor-widget-wrap elementor-element-populated\">\n\t\t\t\t\t\t<div class=\"elementor-element elementor-element-bd308b1 elementor-widget elementor-widget-heading\" data-id=\"bd308b1\" data-element_type=\"widget\" data-widget_type=\"heading.default\">\n\t\t\t\t<div class=\"elementor-widget-container\">\n\t\t\t<h3 class=\"elementor-heading-title elementor-size-default\">Commodit\u00e9<\/h3>\t\t<\/div>\n\t\t\t\t<\/div>\n\t\t\t\t<div class=\"elementor-element elementor-element-0a15292 elementor-widget elementor-widget-text-editor\" data-id=\"0a15292\" data-element_type=\"widget\" data-widget_type=\"text-editor.default\">\n\t\t\t\t<div class=\"elementor-widget-container\">\n\t\t\t\t\t\t\t<p>Situ\u00e9s \u00e0 quelques minutes des principaux a\u00e9roports du Canada, les emplacements Park\u2019N Fly sont pratiques et faciles d\u2019acc\u00e8s. Notre service gratuit de navette vous offre un trajet rapide et confortable jusqu\u2019\u00e0 l\u2019a\u00e9rogare, 24 heures par jour et 7 jours par semaine.<\/p>\t\t\t\t\t\t<\/div>\n\t\t\t\t<\/div>\n\t\t\t\t\t<\/div>\n\t\t<\/div>\n\t\t\t\t\t<\/div>\n\t\t<\/section>\n\t\t\t\t<section class=\"elementor-section elementor-inner-section elementor-element elementor-element-a1d7e12 elementor-section-boxed elementor-section-height-default elementor-section-height-default\" data-id=\"a1d7e12\" data-element_type=\"section\">\n\t\t\t\t\t\t<div class=\"elementor-container elementor-column-gap-default\">\n\t\t\t\t\t<div class=\"elementor-column elementor-col-50 elementor-inner-column elementor-element elementor-element-c260e8d\" data-id=\"c260e8d\" data-element_type=\"column\">\n\t\t\t<div class=\"elementor-widget-wrap elementor-element-populated\">\n\t\t\t\t\t\t<div class=\"elementor-element elementor-element-c611e6d elementor-widget elementor-widget-heading\" data-id=\"c611e6d\" data-element_type=\"widget\" data-widget_type=\"heading.default\">\n\t\t\t\t<div class=\"elementor-widget-container\">\n\t\t\t<h3 class=\"elementor-heading-title elementor-size-default\">Implication dans la communaut\u00e9<\/h3>\t\t<\/div>\n\t\t\t\t<\/div>\n\t\t\t\t<div class=\"elementor-element elementor-element-f2de232 elementor-widget elementor-widget-text-editor\" data-id=\"f2de232\" data-element_type=\"widget\" data-widget_type=\"text-editor.default\">\n\t\t\t\t<div class=\"elementor-widget-container\">\n\t\t\t\t\t\t\t<p>Park\u2019N Fly se soucie des communaut\u00e9s canadiennes et c\u2019est un plaisir pour nous de redonner depuis de nombreuses ann\u00e9es. Nous appuyons plusieurs organismes de bienfaisances ax\u00e9s sur la sant\u00e9 et le bien-\u00eatre, incluant la Fondation R\u00eaves d\u2019Enfants, Fais-un-V\u0153u Canada, l&#8217;Oeuvre des Manoirs Ronald McDonald, la Soci\u00e9t\u00e9 canadienne du cancer et la Fondation des maladies du C\u0153ur du Canada.<\/p>\t\t\t\t\t\t<\/div>\n\t\t\t\t<\/div>\n\t\t\t\t\t<\/div>\n\t\t<\/div>\n\t\t\t\t<div class=\"elementor-column elementor-col-50 elementor-inner-column elementor-element elementor-element-97f01d4\" data-id=\"97f01d4\" data-element_type=\"column\">\n\t\t\t<div class=\"elementor-widget-wrap elementor-element-populated\">\n\t\t\t\t\t\t<div class=\"elementor-element elementor-element-05817ff elementor-widget elementor-widget-heading\" data-id=\"05817ff\" data-element_type=\"widget\" data-widget_type=\"heading.default\">\n\t\t\t\t<div class=\"elementor-widget-container\">\n\t\t\t<h3 class=\"elementor-heading-title elementor-size-default\">S\u00e9curit\u00e9<\/h3>\t\t<\/div>\n\t\t\t\t<\/div>\n\t\t\t\t<div class=\"elementor-element elementor-element-fac02d3 elementor-widget elementor-widget-text-editor\" data-id=\"fac02d3\" data-element_type=\"widget\" data-widget_type=\"text-editor.default\">\n\t\t\t\t<div class=\"elementor-widget-container\">\n\t\t\t\t\t\t\t<p>Avec Park\u2019N Fly, voyagez en ayant moins de soucis, sachant que votre v\u00e9hicule est gard\u00e9 dans notre emplacement bien \u00e9clair\u00e9, cl\u00f4tur\u00e9 et surveill\u00e9. <\/p>\t\t\t\t\t\t<\/div>\n\t\t\t\t<\/div>\n\t\t\t\t\t<\/div>\n\t\t<\/div>\n\t\t\t\t\t<\/div>\n\t\t<\/section>\n\t\t\t\t<section class=\"elementor-section elementor-inner-section elementor-element elementor-element-b5bd19b elementor-section-boxed elementor-section-height-default elementor-section-height-default\" data-id=\"b5bd19b\" data-element_type=\"section\">\n\t\t\t\t\t\t<div class=\"elementor-container elementor-column-gap-default\">\n\t\t\t\t\t<div class=\"elementor-column elementor-col-100 elementor-inner-column elementor-element elementor-element-bd2ac9e\" data-id=\"bd2ac9e\" data-element_type=\"column\">\n\t\t\t<div class=\"elementor-widget-wrap elementor-element-populated\">\n\t\t\t\t\t\t<div class=\"elementor-element elementor-element-634044d elementor-widget elementor-widget-text-editor\" data-id=\"634044d\" data-element_type=\"widget\" data-widget_type=\"text-editor.default\">\n\t\t\t\t<div class=\"elementor-widget-container\">\n\t\t\t\t\t\t\t<p>Pour en apprendre davantage \u00e0 propos de Park\u2019N Fly, <a class=\"blue-link\" href=\"\/fr\/soutien\/nous-joindre\/\">veuillez communiquer avec notre si\u00e8ge social<\/a> de Toronto.<\/p>\t\t\t\t\t\t<\/div>\n\t\t\t\t<\/div>\n\t\t\t\t\t<\/div>\n\t\t<\/div>\n\t\t\t\t\t<\/div>\n\t\t<\/section>\n\t\t\t\t\t<\/div>\n\t\t<\/div>\n\t\t\t\t\t<\/div>\n\t\t<\/section>\n\t\t\t\t<\/div>\n\t\t","protected":false},"excerpt":{"rendered":"<p>\u00c0 propos de Park\u2019N Fly Park\u2019N Fly est le plus important fournisseur de stationnement d\u2019a\u00e9roport au Canada, au service des voyageurs combl\u00e9s depuis plus de 50 ans. La difference Park\u2019N Fly Depuis 1974, l\u2019exp\u00e9rience Park\u2019N Fly est anim\u00e9e par notre promesse \u00ab Park Happy \u00bb. Nous nous engageons \u00e0 vous faire vivre une exp\u00e9rience rapide, &hellip; <a href=\"https:\/\/pro2.parknfly.ca\/fr\/a-propos-de-parknfly\/\">Continuer<\/a><\/p>\n","protected":false},"author":4,"featured_media":0,"parent":0,"menu_order":0,"comment_status":"closed","ping_status":"closed","template":"","meta":{"_acf_changed":false,"_monsterinsights_skip_tracking":false,"_monsterinsights_sitenote_active":false,"_monsterinsights_sitenote_note":"","_monsterinsights_sitenote_category":0,"footnotes":""},"yst_prominent_words":[1430,1394,1457,1465,1416,1380,1458,1429,1451,1415,1437,1395,1450,1409,1423,1387,1444,1402,38,1422],"class_list":["post-4487","page","type-page","status-publish","hentry"],"acf":[],"_links":{"self":[{"href":"https:\/\/pro2.parknfly.ca\/fr\/wp-json\/wp\/v2\/pages\/4487","targetHints":{"allow":["GET"]}}],"collection":[{"href":"https:\/\/pro2.parknfly.ca\/fr\/wp-json\/wp\/v2\/pages"}],"about":[{"href":"https:\/\/pro2.parknfly.ca\/fr\/wp-json\/wp\/v2\/types\/page"}],"author":[{"embeddable":true,"href":"https:\/\/pro2.parknfly.ca\/fr\/wp-json\/wp\/v2\/users\/4"}],"replies":[{"embeddable":true,"href":"https:\/\/pro2.parknfly.ca\/fr\/wp-json\/wp\/v2\/comments?post=4487"}],"version-history":[{"count":32,"href":"https:\/\/pro2.parknfly.ca\/fr\/wp-json\/wp\/v2\/pages\/4487\/revisions"}],"predecessor-version":[{"id":23475,"href":"https:\/\/pro2.parknfly.ca\/fr\/wp-json\/wp\/v2\/pages\/4487\/revisions\/23475"}],"wp:attachment":[{"href":"https:\/\/pro2.parknfly.ca\/fr\/wp-json\/wp\/v2\/media?parent=4487"}],"wp:term":[{"taxonomy":"yst_prominent_words","embeddable":true,"href":"https:\/\/pro2.parknfly.ca\/fr\/wp-json\/wp\/v2\/yst_prominent_words?post=4487"}],"curies":[{"name":"wp","href":"https:\/\/api.w.org\/{rel}","templated":true}]}}